{"id":219450,"date":"2019-10-31T15:26:19","date_gmt":"2019-10-31T14:26:19","guid":{"rendered":"https:\/\/fatimasueca.es\/apps\/registre\/?page_id=219450"},"modified":"2019-11-27T12:10:32","modified_gmt":"2019-11-27T11:10:32","slug":"els-nostres-valors","status":"publish","type":"page","link":"https:\/\/fatimasueca.es\/wp\/els-nostres-valors\/","title":{"rendered":"Els nostres valors"},"content":{"rendered":"<p>[et_pb_section fb_built=&#8221;1&#8243; _builder_version=&#8221;4.0.2&#8243; custom_padding=&#8221;30px|||||&#8221; saved_tabs=&#8221;all&#8221;][et_pb_row _builder_version=&#8221;4.0.2&#8243;][et_pb_column type=&#8221;4_4&#8243; _builder_version=&#8221;4.0.2&#8243;][et_pb_text _builder_version=&#8221;4.0.2&#8243; text_font=&#8221;Montserrat|600|||||||&#8221; text_text_color=&#8221;#00a19a&#8221; text_font_size=&#8221;32px&#8221; text_line_height=&#8221;1em&#8221;]<\/p>\n<p>ELS NOSTRES VALORS<\/p>\n<p>[\/et_pb_text][et_pb_divider color=&#8221;#00a19a&#8221; divider_weight=&#8221;6px&#8221; _builder_version=&#8221;4.0.2&#8243; max_width=&#8221;35%&#8221; custom_margin=&#8221;-24px||||false|false&#8221;][\/et_pb_divider][\/et_pb_column][\/et_pb_row][et_pb_row _builder_version=&#8221;4.0.2&#8243; custom_margin=&#8221;-10px|auto||auto||&#8221; custom_padding=&#8221;6px||9px|||&#8221;][et_pb_column type=&#8221;4_4&#8243; _builder_version=&#8221;4.0.2&#8243;][et_pb_text _builder_version=&#8221;4.0.2&#8243; text_font=&#8221;Montserrat|500|||||||&#8221; text_text_color=&#8221;#000000&#8243; text_font_size=&#8221;14px&#8221; custom_margin=&#8221;-1px|||||&#8221;]<\/p>\n<p><strong>L&#8217;educaci\u00f3 en valors, <\/strong>tan \u00a0necessaris per al futur dels seus fills, guia en tot moment la nostra llabor educativa en el centre.<\/p>\n<p style=\"text-align: justify;\">El nostre col\u00b7legi, es sustenta sobre <strong>tres pilars b\u00e0sics: la fe, la fam\u00edlia i la qualitat educativa. <\/strong>Que treballem dia a dia en el nostre projecte educatiu anual.<\/p>\n<p><strong style=\"font-size: 14px;\">Fomentem valors<\/strong><span style=\"font-size: 14px;\"> tals com el <\/span><strong style=\"font-size: 14px;\">respecte<\/strong><span style=\"font-size: 14px;\">, la <\/span><strong style=\"font-size: 14px;\">caritat<\/strong><span style=\"font-size: 14px;\">, el <\/span><strong style=\"font-size: 14px;\">di\u00e0leg<\/strong><span style=\"font-size: 14px;\">, la <\/span><strong style=\"font-size: 14px;\">disciplina<\/strong><span style=\"font-size: 14px;\">, <\/span><strong style=\"font-size: 14px;\">l&#8217;esfor\u00e7<\/strong><span style=\"font-size: 14px;\">, <\/span><strong style=\"font-size: 14px;\">l&#8217;autoestima<\/strong><span style=\"font-size: 14px;\">\u00a0i la\u00a0<\/span><strong style=\"font-size: 14px;\">responsabilitat<\/strong><span style=\"font-size: 14px;\">.<\/span><\/p>\n<p>[\/et_pb_text][\/et_pb_column][\/et_pb_row][et_pb_row column_structure=&#8221;1_3,1_3,1_3&#8243; _builder_version=&#8221;4.0.2&#8243;][et_pb_column type=&#8221;1_3&#8243; _builder_version=&#8221;4.0.2&#8243;][et_pb_image src=&#8221;https:\/\/fatimasueca.es\/apps\/registre\/wp-content\/uploads\/2019\/11\/EDUQUEM-LA-FE.jpg&#8221; _builder_version=&#8221;4.0.2&#8243;][\/et_pb_image][\/et_pb_column][et_pb_column type=&#8221;1_3&#8243; _builder_version=&#8221;4.0.2&#8243;][et_pb_image src=&#8221;https:\/\/fatimasueca.es\/apps\/registre\/wp-content\/uploads\/2019\/11\/FAMILIA.jpg&#8221; _builder_version=&#8221;4.0.2&#8243;][\/et_pb_image][\/et_pb_column][et_pb_column type=&#8221;1_3&#8243; _builder_version=&#8221;4.0.2&#8243;][et_pb_image src=&#8221;https:\/\/fatimasueca.es\/apps\/registre\/wp-content\/uploads\/2019\/11\/CALIDAD.jpg&#8221; _builder_version=&#8221;4.0.2&#8243;][\/et_pb_image][\/et_pb_column][\/et_pb_row][et_pb_row _builder_version=&#8221;4.0.2&#8243; custom_margin=&#8221;-28px||||false|false&#8221;][et_pb_column type=&#8221;4_4&#8243; _builder_version=&#8221;4.0.2&#8243;][et_pb_text _builder_version=&#8221;4.0.2&#8243; text_font=&#8221;Montserrat|500|||||||&#8221; text_text_color=&#8221;#000000&#8243; text_font_size=&#8221;14px&#8221; text_line_height=&#8221;1.8em&#8221; text_orientation=&#8221;justified&#8221; custom_padding=&#8221;||27px|||&#8221;]<\/p>\n<p>El Col\u00b7legi Ntra. Sra. de F\u00e0tima segueix una pol\u00edtica de qualitat interna basada en una <strong><u>MISSI\u00d3<\/u><\/strong> (ra\u00f3 de ser continuada del Centre), <strong><u>VISI\u00d3<\/u><\/strong> (lloc estrat\u00e8gic que el Centre pret\u00e9n aconseguir en el mitj\u00e0, llarg termini) i \u00a0<strong><u>VALORS<\/u><\/strong> (idees, principis i punts forts sobre els quals el Centre es fonamenta per a aconseguir la visi\u00f3).<\/p>\n<p>A m\u00e9s de la definici\u00f3 de la missi\u00f3, visi\u00f3 i valors, el Centre estableix com a <strong><u>objectius b\u00e0sics i inicials<\/u><\/strong> de la seua Pol\u00edtica de Qualitat l&#8217;orientaci\u00f3 cap a:<\/p>\n<ul>\n<li>El compliment dels requisits legals i reglamentaris aplicables a l&#8217;activitat educativa realitzada pel Col\u00b7legi Ntra. Sra. de F\u00e0tima.<\/li>\n<li>La satisfacci\u00f3 permanent de les necessitats, demandes i expectatives dels clients del Centre.<\/li>\n<li>Millora cont\u00ednua.<\/li>\n<\/ul>\n<p>Les definicions actualitzades de la Missi\u00f3, la Visi\u00f3 i els Valors s\u00f3n:<\/p>\n<p>[\/et_pb_text][\/et_pb_column][\/et_pb_row][et_pb_row column_structure=&#8221;1_2,1_2&#8243; _builder_version=&#8221;4.0.2&#8243; min_height=&#8221;101px&#8221; custom_margin=&#8221;-34px||||false|false&#8221; custom_padding=&#8221;37px||9px|||&#8221;][et_pb_column type=&#8221;1_2&#8243; _builder_version=&#8221;4.0.2&#8243;][et_pb_text _builder_version=&#8221;4.0.2&#8243; text_font=&#8221;Montserrat|700|||||||&#8221; text_text_color=&#8221;#ffffff&#8221; text_font_size=&#8221;20px&#8221; text_orientation=&#8221;center&#8221; width=&#8221;81%&#8221; max_width=&#8221;14%&#8221; module_alignment=&#8221;left&#8221; height=&#8221;55px&#8221; custom_margin=&#8221;||||false|false&#8221;]<\/p>\n<table width=\"142\" style=\"background-color: #00a19a;\">\n<tbody>\n<tr style=\"height: 48.4px;\">\n<td style=\"width: 132.8px; text-align: center; height: 48.4px;\">MISSI\u00d3<\/td>\n<\/tr>\n<\/tbody>\n<\/table>\n<p style=\"text-align: left;\">[\/et_pb_text][\/et_pb_column][et_pb_column type=&#8221;1_2&#8243; _builder_version=&#8221;4.0.2&#8243;][\/et_pb_column][\/et_pb_row][et_pb_row _builder_version=&#8221;4.0.2&#8243; custom_margin=&#8221;-28px||||false|false&#8221;][et_pb_column type=&#8221;4_4&#8243; _builder_version=&#8221;4.0.2&#8243;][et_pb_text _builder_version=&#8221;4.0.2&#8243; text_font=&#8221;Montserrat|500|||||||&#8221; text_text_color=&#8221;#000000&#8243; text_font_size=&#8221;14px&#8221; text_line_height=&#8221;1.8em&#8221; text_orientation=&#8221;justified&#8221; custom_padding=&#8221;||27px|||&#8221;]<\/p>\n<p>El nostre centre naix a l\u2019any 1959 de la necessitat d\u2019escolaritzaci\u00f3 i amb la inquietud de la comunitat parroquial d\u2019educar i \u201ceducar en cristi\u00e0\u201d, som instrument privilegiat d\u2019evangelitzaci\u00f3 de xiquets i joves. L\u2019objectiu de prestar un servei des del seu origen d\u2019iniciativa social \u00e9s sensible a la realitat del seu entorn, un barri humil amb un nivell socioecon\u00f2mic i cultural baix amb escassa religiositat. Pretenem oferir una formaci\u00f3 integral de tots els alumnes des d\u2019una concepci\u00f3 cristiana.<\/p>\n<p>[\/et_pb_text][\/et_pb_column][\/et_pb_row][et_pb_row column_structure=&#8221;1_2,1_2&#8243; _builder_version=&#8221;4.0.2&#8243; custom_margin=&#8221;-34px||||false|false&#8221;][et_pb_column type=&#8221;1_2&#8243; _builder_version=&#8221;4.0.2&#8243;][et_pb_text _builder_version=&#8221;4.0.2&#8243; text_font=&#8221;Montserrat|700|||||||&#8221; text_text_color=&#8221;#ffffff&#8221; text_font_size=&#8221;20px&#8221; text_orientation=&#8221;center&#8221; width=&#8221;81%&#8221; max_width=&#8221;14%&#8221; module_alignment=&#8221;left&#8221; height=&#8221;55px&#8221; custom_margin=&#8221;||||false|false&#8221;]<\/p>\n<table width=\"142\" style=\"background-color: #00a19a;\">\n<tbody>\n<tr style=\"height: 48.4px;\">\n<td style=\"width: 132.8px; text-align: center; height: 48.4px;\">VISI\u00d3<\/td>\n<\/tr>\n<\/tbody>\n<\/table>\n<p style=\"text-align: left;\">[\/et_pb_text][\/et_pb_column][et_pb_column type=&#8221;1_2&#8243; _builder_version=&#8221;4.0.2&#8243;][\/et_pb_column][\/et_pb_row][et_pb_row _builder_version=&#8221;4.0.2&#8243; custom_margin=&#8221;-28px||||false|false&#8221;][et_pb_column type=&#8221;4_4&#8243; _builder_version=&#8221;4.0.2&#8243;][et_pb_text _builder_version=&#8221;4.0.2&#8243; text_font=&#8221;Montserrat|500|||||||&#8221; text_text_color=&#8221;#000000&#8243; text_font_size=&#8221;14px&#8221; text_line_height=&#8221;1.8em&#8221; text_orientation=&#8221;justified&#8221; custom_padding=&#8221;||27px|||&#8221;]<\/p>\n<ol>\n<li>Aconseguir que els alumnes adquirisquen una <strong><u>educaci\u00f3 cristiana<\/u><\/strong> i una <strong><u>ensenyan\u00e7a de qualitat<\/u><\/strong> atenent a les seues necessitats individuals.<\/li>\n<li><strong><u>Implicar a les fam\u00edlies<\/u><\/strong> en l\u2019educaci\u00f3 dels seus fills i <strong>augmentar la vinculaci\u00f3<\/strong> dels pares a la comunitat parroquial.<\/li>\n<li>Disposar d\u2019un <strong><u>equip docent motivat i comprom\u00e8s<\/u><\/strong> amb l\u2019ideari del centre i <strong><u>amb permanent innovaci\u00f3<\/u><\/strong><\/li>\n<li>Aconseguir una <strong><u>major coordinaci\u00f3 amb altres Centres Diocesans<\/u><\/strong> i estar <strong><u>compromesos amb l\u2019entorn i els problemes socials<\/u><\/strong>.<\/li>\n<li><strong><u>Millorar les infraestructures<\/u><\/strong> del centre des d\u2019una adequada planificaci\u00f3 econ\u00f2mica i optimitzaci\u00f3 dels nostres recursos.<\/li>\n<\/ol>\n<p>[\/et_pb_text][\/et_pb_column][\/et_pb_row][et_pb_row column_structure=&#8221;1_2,1_2&#8243; _builder_version=&#8221;4.0.2&#8243; custom_margin=&#8221;-34px||||false|false&#8221;][et_pb_column type=&#8221;1_2&#8243; _builder_version=&#8221;4.0.2&#8243;][et_pb_text _builder_version=&#8221;4.0.2&#8243; text_font=&#8221;Montserrat|700|||||||&#8221; text_text_color=&#8221;#ffffff&#8221; text_font_size=&#8221;20px&#8221; text_orientation=&#8221;center&#8221; width=&#8221;81%&#8221; max_width=&#8221;14%&#8221; module_alignment=&#8221;left&#8221; height=&#8221;55px&#8221; custom_margin=&#8221;||||false|false&#8221;]<\/p>\n<table width=\"142\" style=\"background-color: #00a19a;\">\n<tbody>\n<tr style=\"height: 48.4px;\">\n<td style=\"width: 132.8px; text-align: center; height: 48.4px;\">VALORS<\/td>\n<\/tr>\n<\/tbody>\n<\/table>\n<p style=\"text-align: left;\">[\/et_pb_text][\/et_pb_column][et_pb_column type=&#8221;1_2&#8243; _builder_version=&#8221;4.0.2&#8243;][\/et_pb_column][\/et_pb_row][et_pb_row _builder_version=&#8221;4.0.2&#8243; custom_margin=&#8221;-28px||||false|false&#8221;][et_pb_column type=&#8221;4_4&#8243; _builder_version=&#8221;4.0.2&#8243;][et_pb_text _builder_version=&#8221;4.0.2&#8243; text_font=&#8221;Montserrat|500|||||||&#8221; text_text_color=&#8221;#000000&#8243; text_font_size=&#8221;14px&#8221; text_line_height=&#8221;1.8em&#8221; text_orientation=&#8221;justified&#8221; custom_padding=&#8221;||27px|||&#8221;]<\/p>\n<ul>\n<li>Educar conseq\u00fcentment des de la concepci\u00f3 cristiana de l\u2019home, de la vida i del m\u00f3n actual, afavorint la <strong><u>s\u00edntesi entre la Fe i la Cultura<\/u><\/strong>.<\/li>\n<li>Acompanyar els nostres alumnes en el <strong><u>desenvolupament dels seus valors<\/u><\/strong> per a potenciar-los i desenvolupar-los.<\/li>\n<li><strong><u>Fe<\/u><\/strong>: Relaci\u00f3 de l\u2019home amb D\u00e9u.<\/li>\n<li><strong><u>Respecte<\/u><\/strong>: Recon\u00e8ixer els drets i la dignitat dels altres.<\/li>\n<li><strong><u>Caritat<\/u><\/strong>: Compartir i contribuir al benestar dels altres.<\/li>\n<li><strong><u>Di\u00e0leg<\/u><\/strong>: Obrir-se sincerament a l\u2019altre des de l\u2019escolta i la paraula.<\/li>\n<li><strong><u>Disciplina<\/u><\/strong>: Reconeixement a l\u2019autoritat de les normes i comprendre perqu\u00e8 s\u00f3n necess\u00e0ries.<\/li>\n<li><strong><u>Esfor\u00e7<\/u><\/strong>: Voluntat activa de respondre i millorar.<\/li>\n<li><strong><u>Autoestima<\/u><\/strong>: Percepci\u00f3 personal positiva sobre les pr\u00f2pies capacitats i actituds.<\/li>\n<li><strong><u>Responsabilitat<\/u><\/strong>: Capacitat per a recon\u00e8ixer i acceptar lliurement les conseq\u00fc\u00e8ncies dels propis fets.<\/li>\n<\/ul>\n<p>[\/et_pb_text][\/et_pb_column][\/et_pb_row][et_pb_row column_structure=&#8221;1_2,1_2&#8243; _builder_version=&#8221;4.0.2&#8243; custom_margin=&#8221;-34px||||false|false&#8221;][et_pb_column type=&#8221;1_2&#8243; _builder_version=&#8221;4.0.2&#8243;][et_pb_text _builder_version=&#8221;4.0.2&#8243; text_font=&#8221;Montserrat|700|||||||&#8221; text_text_color=&#8221;#ffffff&#8221; text_font_size=&#8221;20px&#8221; text_orientation=&#8221;center&#8221; width=&#8221;81%&#8221; max_width=&#8221;14%&#8221; module_alignment=&#8221;left&#8221; height=&#8221;55px&#8221; custom_margin=&#8221;||||false|false&#8221;]<\/p>\n<table width=\"184\" style=\"background-color: #00a19a;\">\n<tbody>\n<tr style=\"height: 40.4px;\">\n<td style=\"width: 175.2px; text-align: center; height: 40.4px;\">\n<p>COMPET\u00c8NCIES<\/p>\n<p>CR\u00cdTIQUES<\/p>\n<\/td>\n<\/tr>\n<\/tbody>\n<\/table>\n<p style=\"text-align: left;\">[\/et_pb_text][\/et_pb_column][et_pb_column type=&#8221;1_2&#8243; _builder_version=&#8221;4.0.2&#8243;][\/et_pb_column][\/et_pb_row][et_pb_row _builder_version=&#8221;4.0.2&#8243; custom_margin=&#8221;-28px||||false|false&#8221;][et_pb_column type=&#8221;4_4&#8243; _builder_version=&#8221;4.0.2&#8243;][et_pb_text _builder_version=&#8221;4.0.2&#8243; text_font=&#8221;Montserrat|500|||||||&#8221; text_text_color=&#8221;#000000&#8243; text_font_size=&#8221;14px&#8221; text_line_height=&#8221;1.8em&#8221; text_orientation=&#8221;justified&#8221; custom_padding=&#8221;||27px|||&#8221;]<\/p>\n<ul>\n<li>Formem part dels Col\u00b7legis Diocesans de Val\u00e8ncia i estem recolzats en la gesti\u00f3 integral per part de la Fundaci\u00f3 Sant Vicent M\u00e0rtir.<\/li>\n<li>Bon clima entre el personal docent i no docent amb les fam\u00edlies (proximitat en el tracte).<\/li>\n<li>El nostre centre est\u00e0 equipat amb bons recursos per a desenvolupar la nostra tasca professional.<\/li>\n<li>Vinculaci\u00f3 total Parr\u00f2quia-Escola (catequesi i activitats de la parr\u00f2quia es realitzen a l\u2019escola).<\/li>\n<li>Equip d\u2019orientaci\u00f3 comprom\u00e8s amb les necessitats dels nostres alumnes.<\/li>\n<li>Professorat d\u2019esperit jove i amb iniciativa pr\u00f2pia per millorar la tasca educativa.<\/li>\n<li>Participaci\u00f3 del professorat amb tasques no docents per afavorir l\u2019economia.<\/li>\n<li>Funcionament d\u2019una central fotovoltaica.<\/li>\n<\/ul>\n<p>El comprom\u00eds de la Direcci\u00f3 amb la Pol\u00edtica implica la gesti\u00f3 dels mitjans necessaris perqu\u00e8 la mateixa siga coneguda, compresa i implantada en tots els nivells de l&#8217;organitzaci\u00f3, aix\u00ed com per a assegurar que tots els requisits s\u00f3n satisfets i que s\u2019estableixen els mitjans necessaris per a la millora cont\u00ednua.<\/p>\n<p>[\/et_pb_text][\/et_pb_column][\/et_pb_row][\/et_pb_section]<\/p>\n","protected":false},"excerpt":{"rendered":"<p>ELS NOSTRES VALORSL&#8217;educaci\u00f3 en valors, tan \u00a0necessaris per al futur dels seus fills, guia en tot moment la nostra llabor educativa en el centre. El nostre col\u00b7legi, es sustenta sobre tres pilars b\u00e0sics: la fe, la fam\u00edlia i la qualitat educativa. Que treballem dia a dia en el nostre projecte educatiu anual. Fomentem valors tals [&hellip;]<\/p>\n","protected":false},"author":1,"featured_media":0,"parent":0,"menu_order":0,"comment_status":"closed","ping_status":"closed","template":"","meta":{"_et_pb_use_builder":"on","_et_pb_old_content":"","_et_gb_content_width":"","footnotes":""},"class_list":["post-219450","page","type-page","status-publish","hentry"],"_links":{"self":[{"href":"https:\/\/fatimasueca.es\/wp\/wp-json\/wp\/v2\/pages\/219450","targetHints":{"allow":["GET"]}}],"collection":[{"href":"https:\/\/fatimasueca.es\/wp\/wp-json\/wp\/v2\/pages"}],"about":[{"href":"https:\/\/fatimasueca.es\/wp\/wp-json\/wp\/v2\/types\/page"}],"author":[{"embeddable":true,"href":"https:\/\/fatimasueca.es\/wp\/wp-json\/wp\/v2\/users\/1"}],"replies":[{"embeddable":true,"href":"https:\/\/fatimasueca.es\/wp\/wp-json\/wp\/v2\/comments?post=219450"}],"version-history":[{"count":12,"href":"https:\/\/fatimasueca.es\/wp\/wp-json\/wp\/v2\/pages\/219450\/revisions"}],"predecessor-version":[{"id":221829,"href":"https:\/\/fatimasueca.es\/wp\/wp-json\/wp\/v2\/pages\/219450\/revisions\/221829"}],"wp:attachment":[{"href":"https:\/\/fatimasueca.es\/wp\/wp-json\/wp\/v2\/media?parent=219450"}],"curies":[{"name":"wp","href":"https:\/\/api.w.org\/{rel}","templated":true}]}}